{"id":1754,"date":"2023-06-16T11:46:35","date_gmt":"2023-06-16T09:46:35","guid":{"rendered":"https:\/\/www.montronicvic.com\/politica-de-calidad\/"},"modified":"2025-11-03T09:32:53","modified_gmt":"2025-11-03T08:32:53","slug":"politica-de-qualitat","status":"publish","type":"page","link":"https:\/\/www.montronicvic.com\/ca\/politica-de-qualitat\/","title":{"rendered":"Pol\u00edtica de qualitat i medi ambient"},"content":{"rendered":"\n<p>A Montronic Vic, S.L. oferim serveis integrals de disseny, muntatge i acabats finals de producte electr\u00f2nic i de producte sanitari electr\u00f2nic, amb el comprom\u00eds ferm de garantir la satisfacci\u00f3 dels clients, la seguretat dels productes sanitaris i la protecci\u00f3 del medi ambient. Per aix\u00f2, la Direcci\u00f3 estableix els seg\u00fcents compromisos:<\/p>\n\n\n\n<p><strong>1. Satisfacci\u00f3 del client i parts interessades.<\/strong><\/p>\n\n\n\n<ul class=\"wp-block-list\">\n<li>Assegurar que els productes i serveis compleixen amb les necessitats i expectatives dels clients i de les altres parts interessades rellevants (prove\u00efdors, autoritats, comunitat, treballadors).<\/li>\n\n\n\n<li>Promoure canals de comunicaci\u00f3 i retroalimentaci\u00f3 amb clients, prove\u00efdors i parts interessades.<\/li>\n<\/ul>\n\n\n\n<p><strong>2. Compliment legal i reglamentari.<\/strong><\/p>\n\n\n\n<ul class=\"wp-block-list\">\n<li>Garantir el compliment estricte dels requisits legals i reglamentaris aplicables als productes sanitaris i electr\u00f2nics.<\/li>\n\n\n\n<li>Assegurar el compliment de la legislaci\u00f3 ambiental vigent i d\u2019altres compromisos subscrits, incloent l\u2019avaluaci\u00f3 peri\u00f2dica del compliment legal ambiental.<\/li>\n<\/ul>\n\n\n\n<p><strong>3. Seguretat i qualitat del producte sanitari.<\/strong><\/p>\n\n\n\n<ul class=\"wp-block-list\">\n<li>Mantenir i demostrar la seguretat, efic\u00e0cia i conformitat dels productes sanitaris en totes les etapes del seu cicle de vida.<\/li>\n\n\n\n<li>Conservar els registres necessaris i posar-los a disposici\u00f3 de les autoritats competents quan sigui requerit.<\/li>\n<\/ul>\n\n\n\n<p><strong>4. Protecci\u00f3 del medi ambient.<\/strong><\/p>\n\n\n\n<ul class=\"wp-block-list\">\n<li>Prevenir la contaminaci\u00f3 i gestionar de manera responsable els residus i emissions derivats de l\u2019activitat.<\/li>\n\n\n\n<li>Impulsar un \u00fas eficient dels recursos naturals i energ\u00e8tics.<\/li>\n\n\n\n<li>Identificar i controlar els aspectes ambientals significatius i establir objectius ambientals per reduir-ne els impactes.<\/li>\n\n\n\n<li>Fomentar la consci\u00e8ncia ambiental i la responsabilitat en tot el nostre personal, implicant a prove\u00efdors i parts interessades en la sostenibilitat de la cadena de valor .<\/li>\n\n\n\n<li>Complir rigorosament amb la legislaci\u00f3 aplicable, aix\u00ed com els altres requisits ambientals i de qualitat subscrits per la organitzaci\u00f3.<\/li>\n<\/ul>\n\n\n\n<p><strong>5. Gesti\u00f3 de processos i millora cont\u00ednua.<\/strong><\/p>\n\n\n\n<ul class=\"wp-block-list\">\n<li>Planificar, executar i controlar els processos de manera efica\u00e7, amb indicadors que permetin avaluar-ne els resultats.<\/li>\n\n\n\n<li>Establir objectius de qualitat, producte sanitari i medi ambient mesurables, coherents amb aquesta pol\u00edtica.<\/li>\n\n\n\n<li>Promoure la millora cont\u00ednua de l\u2019efic\u00e0cia del Sistema de Gesti\u00f3 Integrat (SGI).<\/li>\n<\/ul>\n\n\n\n<p><strong>6. Comprom\u00eds del personal i cultura d\u2019empresa.<\/strong><\/p>\n\n\n\n<ul class=\"wp-block-list\">\n<li>Fomentar la participaci\u00f3, formaci\u00f3 i presa de consci\u00e8ncia de tot el personal en relaci\u00f3 amb la qualitat, la seguretat del producte sanitari i el medi ambient.<\/li>\n\n\n\n<li>Consolidar el treball en equip i la corresponsabilitat com a base<br>de l\u2019\u00e8xit de l\u2019organitzaci\u00f3.<\/li>\n<\/ul>\n\n\n\n<p><strong>7. Relaci\u00f3 amb prove\u00efdors i subcontractats.<\/strong><\/p>\n\n\n\n<ul class=\"wp-block-list\">\n<li>Mantenir un grau alt de col\u00b7laboraci\u00f3 i comprom\u00eds amb prove\u00efdors i subcontractats, exigint-los el compliment dels mateixos est\u00e0ndards de qualitat, seguretat i respecte ambiental.<\/li>\n<\/ul>\n\n\n\n<p>Aquesta pol\u00edtica \u00e9s el marc de refer\u00e8ncia per establir i revisar els objectius del SGI i ser\u00e0 revisada peri\u00f2dicament per garantir-ne l\u2019adequaci\u00f3 i efic\u00e0cia.<\/p>\n\n\n\n<p>La Direcci\u00f3 de Montronic Vic, S.L. assegura la seva difusi\u00f3 interna a tot el personal i la posa a disposici\u00f3 de les parts interessades externes i de les autoritats competents quan sigui necessari.<\/p>\n\n\n\n<p><em>27\/10\/2025<\/em><\/p>\n","protected":false},"excerpt":{"rendered":"<p>A Montronic Vic, S.L. oferim serveis integrals de disseny, muntatge i acabats finals de producte electr\u00f2nic i de producte sanitari electr\u00f2nic, amb el comprom\u00eds ferm de garantir la satisfacci\u00f3 dels clients, la seguretat dels productes sanitaris i la protecci\u00f3 del medi ambient. Per aix\u00f2, la Direcci\u00f3 estableix els seg\u00fcents compromisos: 1. Satisfacci\u00f3 del client i [&hellip;]<\/p>\n","protected":false},"author":4,"featured_media":0,"parent":0,"menu_order":0,"comment_status":"closed","ping_status":"closed","template":"","meta":{"footnotes":""},"class_list":["post-1754","page","type-page","status-publish","hentry"],"_links":{"self":[{"href":"https:\/\/www.montronicvic.com\/ca\/wp-json\/wp\/v2\/pages\/1754","targetHints":{"allow":["GET"]}}],"collection":[{"href":"https:\/\/www.montronicvic.com\/ca\/wp-json\/wp\/v2\/pages"}],"about":[{"href":"https:\/\/www.montronicvic.com\/ca\/wp-json\/wp\/v2\/types\/page"}],"author":[{"embeddable":true,"href":"https:\/\/www.montronicvic.com\/ca\/wp-json\/wp\/v2\/users\/4"}],"replies":[{"embeddable":true,"href":"https:\/\/www.montronicvic.com\/ca\/wp-json\/wp\/v2\/comments?post=1754"}],"version-history":[{"count":7,"href":"https:\/\/www.montronicvic.com\/ca\/wp-json\/wp\/v2\/pages\/1754\/revisions"}],"predecessor-version":[{"id":1978,"href":"https:\/\/www.montronicvic.com\/ca\/wp-json\/wp\/v2\/pages\/1754\/revisions\/1978"}],"wp:attachment":[{"href":"https:\/\/www.montronicvic.com\/ca\/wp-json\/wp\/v2\/media?parent=1754"}],"curies":[{"name":"wp","href":"https:\/\/api.w.org\/{rel}","templated":true}]}}