{"id":1909,"date":"2023-02-25T18:28:39","date_gmt":"2023-02-25T17:28:39","guid":{"rendered":"https:\/\/www.montronicvic.com\/?page_id=1909"},"modified":"2023-09-04T09:53:01","modified_gmt":"2023-09-04T07:53:01","slug":"cookies-policy","status":"publish","type":"page","link":"https:\/\/www.montronicvic.com\/en\/cookies-policy\/","title":{"rendered":"Cookies policy"},"content":{"rendered":"\n<ol class=\"wp-block-list\" type=\"1\">\n<li><strong><u>\u00bfQUE SON LAS COOKIES?<\/u><\/strong><\/li>\n<\/ol>\n\n\n\n<p>Las cookies son peque\u00f1os archivos de datos que se reciben en el terminal desde el sitio web visitado y se usan para registrar ciertas interacciones de la navegaci\u00f3n en un sitio web almacenando datos que podr\u00e1n ser actualizados y recuperados. Estos archivos se almacenan en el ordenador del usuario y contiene datos an\u00f3nimos que no son perjudiciales para su equipo. Se utilizan para recordar las preferencias del usuario, como el idioma seleccionado, datos de acceso o personalizaci\u00f3n de la p\u00e1gina.<\/p>\n\n\n\n<p>Las cookies tambi\u00e9n pueden ser utilizadas para registrar informaci\u00f3n an\u00f3nima sobre c\u00f3mo un visitante utiliza un sitio. Por ejemplo, desde qu\u00e9 p\u00e1gina web ha accedido, o si ha utilizado un &#8220;banner&#8221; publicitario para llegar.<\/p>\n\n\n\n<ul class=\"wp-block-list\">\n<li><strong><u>\u00bfPOR QUE UTILIZAMOS COOKIES?<\/u><\/strong><\/li>\n<\/ul>\n\n\n\n<p><strong>MONTRONIC VIC SL<\/strong><strong> <\/strong>utiliza cookies estrictamente necesarias y esenciales para que utilice nuestros sitios web y le permitan moverse libremente, utilizar \u00e1reas seguras, opciones personalizadas, etc. Adem\u00e1s, <strong>MONTRONIC VIC SL<\/strong><strong> <\/strong>utiliza cookies que recogen datos relativos al an\u00e1lisis de uso de la web. Estas se utilizan para ayudar a mejorar el servicio al cliente, midiendo el uso y el rendimiento de la p\u00e1gina, para optimizarla y personalizarla.<\/p>\n\n\n\n<p>Nuestros sitios tambi\u00e9n pueden tener enlaces de redes sociales (como Facebook o Twitter). <strong>MONTRONIC VIC SL<\/strong><strong> <\/strong>no controla las cookies utilizadas por estas webs externas. Para m\u00e1s informaci\u00f3n sobre las cookies de las redes sociales u otras Webs ajenas, aconsejamos revisar sus propias pol\u00edticas de cookies.<\/p>\n\n\n\n<p>Este sitio web utiliza &#8220;cookies&#8221; de la siguiente manera:<\/p>\n\n\n\n<p>\u2022 Cookie de Google ANALYTICS: Google ANALYTICS es un servicio gratuito que ofrece Google Inc. y que recoge informaci\u00f3n sobre las p\u00e1ginas de la web consultada, a qu\u00e9 hora, qu\u00e9 navegador Web, etc. Posteriormente, esta informaci\u00f3n se env\u00eda a los servidores de Google Inc. en Estados Unidos.<\/p>\n\n\n\n<p>\u2022 Cookies de aplicaci\u00f3n &#8220;Add-this&#8221;: Add-this es un servicio gratuito que le permite compartir p\u00e1ginas de este sitio web por diferentes medios (correo electr\u00f3nico, redes sociales, etc.). Add-his recoge informaci\u00f3n estad\u00edstica de su navegaci\u00f3n para proporcionar publicidad adaptada a sus h\u00e1bitos de navegaci\u00f3n en este sitio web o en cualquier otro lugar.<\/p>\n\n\n\n<ul class=\"wp-block-list\">\n<li><strong><u>\u00bfQUE USO LE DAMOS A LOS DIFERENTES TIPOS DE COOKIES?<\/u><\/strong><\/li>\n<\/ul>\n\n\n\n<p><strong>Seg\u00fan su finalidad:<\/strong><\/p>\n\n\n\n<p>\u2022 Cookies t\u00e9cnicas: Las cookies t\u00e9cnicas son aquellas imprescindibles y estrictamente necesarias para el correcto funcionamiento de un portal web y la utilizaci\u00f3n de las diferentes opciones y servicios que ofrece. Por ejemplo, las que sirven para el mantenimiento de la sesi\u00f3n, la gesti\u00f3n del tiempo de respuesta, rendimiento o validaci\u00f3n de opciones, utilizar elementos de seguridad, compartir contenido con redes sociales, etc.<\/p>\n\n\n\n<p>\u2022 Cookies de personalizaci\u00f3n: Estas cookies permiten al usuario especificar o personalizar algunas caracter\u00edsticas de las opciones generales de la p\u00e1gina web, por ejemplo, definir el idioma, configuraci\u00f3n regional o tipo de navegador.<\/p>\n\n\n\n<p>\u2022 Cookies anal\u00edticas: Las cookies anal\u00edticas son las utilizadas por nuestro portal web, para elaborar perfiles navegaci\u00f3n y poder conocer las preferencias de los usuarios del mismo con el fin de mejorar la oferta de productos y servicios. Por ejemplo, mediante una cookie anal\u00edtica se controlar\u00edan las \u00e1reas geogr\u00e1ficas de mayor inter\u00e9s de un usuario, cu\u00e1l es el producto de m\u00e1s aceptaci\u00f3n, etc.<\/p>\n\n\n\n<p>\u2022 Cookies publicitarias\/de publicidad: Las cookies publicitarias permiten la gesti\u00f3n de los espacios publicitarios en base a criterios concretos. Por ejemplo, la frecuencia de acceso, el contenido editado, etc. Las cookies de publicidad permiten a trav\u00e9s de la gesti\u00f3n de la publicidad almacenar informaci\u00f3n del comportamiento a trav\u00e9s de la observaci\u00f3n de h\u00e1bitos, estudiando los accesos y formando un perfil de preferencias del usuario, para ofrecer publicidad relacionada con los intereses de su perfil.<\/p>\n\n\n\n<p><strong>Seg\u00fan plazo:<\/strong><\/p>\n\n\n\n<p>\u2022 Cookies de sesi\u00f3n: Las cookies de sesi\u00f3n son aquellas que duran el tiempo que el usuario est\u00e1 navegando por la p\u00e1gina web y se borran al t\u00e9rmino.<\/p>\n\n\n\n<p>\u2022 Cookies persistentes: Estas cookies quedan almacenadas en el terminal del usuario, por un tiempo m\u00e1s largo, facilitando as\u00ed el control de las preferencias elegidas sin tener que repetir ciertos par\u00e1metros cada vez que se visite el sitio web.<\/p>\n\n\n\n<p>Estas cookies deben cumplir con el RGPD-UE-2016\/679, la LOPD-3\/2018, de Garant\u00eda de los Derechos Digitales, y la normativa de la LSSI-CE.<\/p>\n\n\n\n<p><strong><u>COOKIES PROPIAS EN USO:<\/u><\/strong><\/p>\n\n\n\n<p><strong>Se han permitido algunas de las siguientes cookies al visitar esta p\u00e1gina<\/strong>:<\/p>\n\n\n\n<figure class=\"wp-block-table\"><table><tbody><tr><td><strong>&nbsp;<\/strong> <strong>DOMINIO<\/strong><\/td><td>&nbsp; <strong>COOKIE<\/strong><\/td><td>&nbsp; <strong>EMPRESA<\/strong><\/td><td>&nbsp; <strong>FUNCI\u00d3N<\/strong><\/td><td>&nbsp; <strong>CADUCIDAD<\/strong><\/td><\/tr><tr><td><strong>www.montronicvic.com<\/strong><\/td><td>PHPSESSID<\/td><td>Propia<\/td><td>Funcional<\/td><td>Sesi\u00f3n<a><\/a><\/td><\/tr><tr><td><strong>www.montronicvic.com<\/strong><\/td><td>wp-wpml_current_language<\/td><td>WPML<\/td><td>Guardar idioma<\/td><td>Sesi\u00f3n<\/td><\/tr><tr><td><strong>www.montronicvic.com<\/strong><\/td><td>cmplz_statistics, cmplz_preferences, cmplz_policy_id, cmplz_marketing, cmplz_functional, cmplz_consented_services, cmplz_banner-status<\/td><td>Complianz<\/td><td>Gestionar aceptaci\u00f3n de cookies<\/td><td>Un a\u00f1o<\/td><\/tr><\/tbody><\/table><\/figure>\n\n\n\n<p><strong><u>COOKIES EXTERNAS EN USO:<\/u><\/strong><\/p>\n\n\n\n<figure class=\"wp-block-table\"><table><tbody><tr><td><strong>&nbsp;<\/strong> <strong>DOMINIO<\/strong><\/td><td>&nbsp; <strong>COOKIE<\/strong><\/td><td>&nbsp; <strong>EMPRESA<\/strong><\/td><td>&nbsp; <strong>FUNCI\u00d3N<\/strong><\/td><td>&nbsp; <strong>CADUCIDAD<\/strong><\/td><\/tr><tr><td><strong>www.google.com<\/strong><\/td><td>__Secure-ENID, CONSENT<\/td><td>Google<\/td><td>Google Maps<\/td><td>Un a\u00f1o<\/td><\/tr><\/tbody><\/table><\/figure>\n\n\n\n<ul class=\"wp-block-list\">\n<li><strong><u>\u00bfPOR QU\u00c9 NECESITAMOS SU CONSENTIMIENTO EXPL\u00cdCITO PARA UTILIZARLAS?<\/u><\/strong><\/li>\n\n\n\n<li><strong><u>Sentencia de la Gran Sala del Tribunal de Justicia de la Uni\u00f3n Europea, de 1 de octubre de 2019, y Gu\u00eda sobre el uso de las cookies de la AEPD, julio de 2020.<\/u><\/strong><\/li>\n<\/ul>\n\n\n\n<p>La sentencia de la Gran Sala del Tribunal de Justicia de la Uni\u00f3n Europea, del d\u00eda 1 de octubre de 2019, debe interpretarse en el sentido de que el consentimiento no se presta de manera v\u00e1lida cuando el almacenamiento de informaci\u00f3n, o el acceso a la informaci\u00f3n ya almacenada en el equipo terminal del usuario de un sitio web de internet, a trav\u00e9s de cookies se autoriza mediante una casilla marcada por defecto de la que el usuario tiene que retirar la marca en caso que quiera rechazar su uso. En este sentido, la autorizaci\u00f3n debe basarse en un consentimiento expl\u00edcito mediante un Check de <strong><u>aceptaci\u00f3n<\/u> <\/strong>expl\u00edcita, un check de <strong><u>rechazo<\/u><\/strong> por parte del usuario, y un check de <strong><u>m\u00e1s informaci\u00f3n<\/u><\/strong> de las cookies expuestas.<\/p>\n\n\n\n<p>Esta interpretaci\u00f3n no puede variar en funci\u00f3n de si la informaci\u00f3n almacenada o consultada en el terminal del usuario de un sitio de internet conste o no de datos de car\u00e1cter personal.<\/p>\n\n\n\n<p>La Gran Sala del Tribunal de Justicia de la Uni\u00f3n Europea tambi\u00e9n dispone en esta sentencia que la informaci\u00f3n que el proveedor de servicios debe facilitar al usuario de un sitio web de internet tiene que incluir el tiempo en que les cookies permanecer\u00e1n activas y la posibilidad de que terceros puedan acceder a la informaci\u00f3n que \u00e9stas almacenan. Este requisito lo establece la versi\u00f3n modificada por la Directiva 2009\/136, que modifica el art\u00edculo 5, apartado 3, de la Directiva 2002\/58\/UE, y por la Gu\u00eda de la AEPD de julio de 2020&nbsp;&nbsp;&nbsp;<\/p>\n\n\n\n<p>En relaci\u00f3n a la posibilidad de que el usuario pueda rechazar el uso de las cookies, hay que tener en cuenta que si rechaza o borra las cookies de navegaci\u00f3n por la Web, no podremos mantener sus preferencias, algunas caracter\u00edsticas de les p\u00e1ginas no estar\u00e1n operativas, no podremos ofrecerle servicios personalizados y cada vez que vaya a navegar por nuestra web tendremos que solicitarle de nuevo su autorizaci\u00f3n para el uso de cookies.<br><\/p>\n\n\n\n<p>Si aun as\u00ed, decide modificar la configuraci\u00f3n de su acceso a la p\u00e1gina web, debe saber que es posible eliminar las cookies o impedir que se registre esta informaci\u00f3n en su equipo en cualquier momento mediante la modificaci\u00f3n de los par\u00e1metros de configuraci\u00f3n de su navegador:<\/p>\n\n\n\n<ul class=\"wp-block-list\">\n<li><a href=\"https:\/\/support.mozilla.org\/es\/kb\/habilitar-y-deshabilitar-cookies-sitios-web-rastrear-preferencias\">Configuraci\u00f3n de cookies de Firefox.<\/a><\/li>\n\n\n\n<li><a href=\"https:\/\/support.google.com\/chrome\/answer\/95647?co=GENIE.Platform%3DDesktop&amp;hl=es-419\">Configuraci\u00f3n de cookies de Google Chrome.<\/a><\/li>\n\n\n\n<li><a href=\"https:\/\/support.apple.com\/es-es\/guide\/safari\/sfri11471\/mac\">Configuraci\u00f3n de cookies de Safari.<\/a><\/li>\n<\/ul>\n\n\n\n<p>Estos navegadores est\u00e1n sometidos a cambios o modificaciones, por lo que no podemos garantizar que se ajusten completamente a la versi\u00f3n de su navegador. Tambi\u00e9n puede ser que utilice otro navegador no contemplado en estos enlaces como Konqueror, Arora, Flock, etc. Para evitar estos desajustes, puede acceder directamente desde las opciones de su navegador que se encuentra generalmente en el men\u00fa de Opciones, en la secci\u00f3n de &#8220;Privacidad&#8221;. (Por favor, consulte la ayuda de su navegador para m\u00e1s informaci\u00f3n.)<\/p>\n\n\n\n<ul class=\"wp-block-list\">\n<li><strong><u>\u00bfDONDE PUEDO OBTENER M\u00c1S INFORMACION?<\/u><\/strong><\/li>\n<\/ul>\n\n\n\n<p>Puedes encontrar m\u00e1s informaci\u00f3n sobre cookies en:<\/p>\n\n\n\n<p><a href=\"https:\/\/www.allaboutcookies.org\/\">www.allaboutcookies.org<\/a> o <a href=\"https:\/\/www.youronlinechoices.com\/\">www.youronlinechoices.com<\/a><\/p>\n\n\n\n<p><strong>Actualizaci\u00f3n de las cookies: 28\/3\/2023<\/strong><\/p>\n","protected":false},"excerpt":{"rendered":"<p>Las cookies son peque\u00f1os archivos de datos que se reciben en el terminal desde el sitio web visitado y se usan para registrar ciertas interacciones de la navegaci\u00f3n en un sitio web almacenando datos que podr\u00e1n ser actualizados y recuperados. Estos archivos se almacenan en el ordenador del usuario y contiene datos an\u00f3nimos que no [&hellip;]<\/p>\n","protected":false},"author":4,"featured_media":0,"parent":0,"menu_order":0,"comment_status":"closed","ping_status":"closed","template":"","meta":{"footnotes":""},"class_list":["post-1909","page","type-page","status-publish","hentry"],"_links":{"self":[{"href":"https:\/\/www.montronicvic.com\/en\/wp-json\/wp\/v2\/pages\/1909","targetHints":{"allow":["GET"]}}],"collection":[{"href":"https:\/\/www.montronicvic.com\/en\/wp-json\/wp\/v2\/pages"}],"about":[{"href":"https:\/\/www.montronicvic.com\/en\/wp-json\/wp\/v2\/types\/page"}],"author":[{"embeddable":true,"href":"https:\/\/www.montronicvic.com\/en\/wp-json\/wp\/v2\/users\/4"}],"replies":[{"embeddable":true,"href":"https:\/\/www.montronicvic.com\/en\/wp-json\/wp\/v2\/comments?post=1909"}],"version-history":[{"count":1,"href":"https:\/\/www.montronicvic.com\/en\/wp-json\/wp\/v2\/pages\/1909\/revisions"}],"predecessor-version":[{"id":1910,"href":"https:\/\/www.montronicvic.com\/en\/wp-json\/wp\/v2\/pages\/1909\/revisions\/1910"}],"wp:attachment":[{"href":"https:\/\/www.montronicvic.com\/en\/wp-json\/wp\/v2\/media?parent=1909"}],"curies":[{"name":"wp","href":"https:\/\/api.w.org\/{rel}","templated":true}]}}